{"id":48,"date":"2021-11-04T00:13:06","date_gmt":"2021-11-04T00:13:06","guid":{"rendered":"http:\/\/eclaire-nos-trames.fr\/?page_id=48"},"modified":"2022-11-28T16:26:17","modified_gmt":"2022-11-28T15:26:17","slug":"bio","status":"publish","type":"page","link":"https:\/\/eclaire-nos-trames.fr\/?page_id=48","title":{"rendered":"Johana Lemarchand"},"content":{"rendered":"\n<p><\/p>\n\n\n\n<figure class=\"wp-block-image size-full is-style-rounded\"><img loading=\"lazy\" decoding=\"async\" width=\"1024\" height=\"682\" src=\"http:\/\/eclaire-nos-trames.fr\/wp-content\/uploads\/2022\/01\/e860c1ab-af10-47a3-b6f3-049cf5cceb37.jpg\" alt=\"\" class=\"wp-image-217\" srcset=\"https:\/\/eclaire-nos-trames.fr\/wp-content\/uploads\/2022\/01\/e860c1ab-af10-47a3-b6f3-049cf5cceb37.jpg 1024w, https:\/\/eclaire-nos-trames.fr\/wp-content\/uploads\/2022\/01\/e860c1ab-af10-47a3-b6f3-049cf5cceb37-300x200.jpg 300w, https:\/\/eclaire-nos-trames.fr\/wp-content\/uploads\/2022\/01\/e860c1ab-af10-47a3-b6f3-049cf5cceb37-768x512.jpg 768w\" sizes=\"auto, (max-width: 767px) 89vw, (max-width: 1000px) 54vw, (max-width: 1071px) 543px, 580px\" \/><\/figure>\n\n\n\n<p class=\"has-text-align-center\">Jusqu&rsquo;\u00e0 mes 37 ans, j&rsquo;ai men\u00e9 tour \u00e0 tour les carri\u00e8res de danseuse contemporaine (avec Herv\u00e9 Robbe, Andonis Foniadakis, Itzik Galili&#8230;), de chor\u00e9graphe (compagnie Sol y Tu), de professeur de danse, de jury, (CNSMDL, CND de Lyon, CRR de Lyon), de professeur de Hatha Yoga, d&rsquo;Ashtanga et de Yin Yoga (CNSMDL, \u00c9cole de Yoga de Mysore, cours \u00e0 domicile&#8230;) <\/p>\n\n\n\n<p class=\"has-text-align-center\">Toutes ces riches exp\u00e9riences \u00e0 travers le mouvement, l&rsquo;art de la sc\u00e8ne, l&rsquo;enseignement m&rsquo;ont passionn\u00e9es durant plus de 20 ans. <\/p>\n\n\n\n<p class=\"has-text-align-center\">Cet amour de la danse, du mouvement, du rythme, du souffle, de la po\u00e9sie, de l&rsquo;art, du silence et du Verbe je les ai red\u00e9couvert \u00e0 travers ces approches art-th\u00e9rapeutiques que sont pour moi le massage Pressel, l&rsquo;Eurythmie et l&rsquo;approfondissement de sa Biographie. <\/p>\n\n\n\n<p class=\"has-text-align-center\">La n\u00e9cessit\u00e9 de me lier chaleureusement avec le vivant  c&rsquo;est ce qui m&rsquo;a conduite \u00e0 proposer ces accompagnements. <\/p>\n\n\n\n<p class=\"has-text-align-center\">M&rsquo;y consacrer est comme une \u00e9vidence.<\/p>\n\n\n\n<p class=\"has-text-align-center\"> L\u2019intention de chacune de ces propositions, en s\u00e9ance individuelle, en atelier collectif et en stage est de reconna\u00eetre ce qui fait de nous une personne unique p\u00e9trie de singularit\u00e9 et d\u2019universalit\u00e9.&nbsp;. <\/p>\n\n\n\n<p class=\"has-text-align-center\"><em><strong>Accueillir son tempo propre et oser se mettre en accord avec les rythmes du monde<\/strong>.<\/em><\/p>\n\n\n\n<p><\/p>\n\n\n\n<figure class=\"wp-block-image size-full is-style-rounded\"><img loading=\"lazy\" decoding=\"async\" width=\"1024\" height=\"682\" src=\"http:\/\/eclaire-nos-trames.fr\/wp-content\/uploads\/2022\/01\/76ddce2e-1b66-4331-a5c7-cdb7d2d5fdd0.jpg\" alt=\"\" class=\"wp-image-242\" srcset=\"https:\/\/eclaire-nos-trames.fr\/wp-content\/uploads\/2022\/01\/76ddce2e-1b66-4331-a5c7-cdb7d2d5fdd0.jpg 1024w, https:\/\/eclaire-nos-trames.fr\/wp-content\/uploads\/2022\/01\/76ddce2e-1b66-4331-a5c7-cdb7d2d5fdd0-300x200.jpg 300w, https:\/\/eclaire-nos-trames.fr\/wp-content\/uploads\/2022\/01\/76ddce2e-1b66-4331-a5c7-cdb7d2d5fdd0-768x512.jpg 768w\" sizes=\"auto, (max-width: 767px) 89vw, (max-width: 1000px) 54vw, (max-width: 1071px) 543px, 580px\" \/><\/figure>\n\n\n\n<p><\/p>\n","protected":false},"excerpt":{"rendered":"<p>Jusqu&rsquo;\u00e0 mes 37 ans, j&rsquo;ai men\u00e9 tour \u00e0 tour les carri\u00e8res de danseuse contemporaine (avec Herv\u00e9 Robbe, Andonis Foniadakis, Itzik Galili&#8230;), de chor\u00e9graphe (compagnie Sol y Tu), de professeur de danse, de jury, (CNSMDL, CND de Lyon, CRR de Lyon), de professeur de Hatha Yoga, d&rsquo;Ashtanga et de Yin Yoga (CNSMDL, \u00c9cole de Yoga de &hellip; <\/p>\n<p class=\"link-more\"><a href=\"https:\/\/eclaire-nos-trames.fr\/?page_id=48\" class=\"more-link\">Continuer la lecture<span class=\"screen-reader-text\"> de &laquo;&nbsp;Johana Lemarchand&nbsp;&raquo;<\/span><\/a><\/p>\n","protected":false},"author":1,"featured_media":0,"parent":0,"menu_order":0,"comment_status":"closed","ping_status":"closed","template":"","meta":{"_monsterinsights_skip_tracking":false,"_monsterinsights_sitenote_active":false,"_monsterinsights_sitenote_note":"","_monsterinsights_sitenote_category":0,"footnotes":""},"class_list":["post-48","page","type-page","status-publish","hentry"],"aioseo_notices":[],"_links":{"self":[{"href":"https:\/\/eclaire-nos-trames.fr\/index.php?rest_route=\/wp\/v2\/pages\/48","targetHints":{"allow":["GET"]}}],"collection":[{"href":"https:\/\/eclaire-nos-trames.fr\/index.php?rest_route=\/wp\/v2\/pages"}],"about":[{"href":"https:\/\/eclaire-nos-trames.fr\/index.php?rest_route=\/wp\/v2\/types\/page"}],"author":[{"embeddable":true,"href":"https:\/\/eclaire-nos-trames.fr\/index.php?rest_route=\/wp\/v2\/users\/1"}],"replies":[{"embeddable":true,"href":"https:\/\/eclaire-nos-trames.fr\/index.php?rest_route=%2Fwp%2Fv2%2Fcomments&post=48"}],"version-history":[{"count":22,"href":"https:\/\/eclaire-nos-trames.fr\/index.php?rest_route=\/wp\/v2\/pages\/48\/revisions"}],"predecessor-version":[{"id":677,"href":"https:\/\/eclaire-nos-trames.fr\/index.php?rest_route=\/wp\/v2\/pages\/48\/revisions\/677"}],"wp:attachment":[{"href":"https:\/\/eclaire-nos-trames.fr\/index.php?rest_route=%2Fwp%2Fv2%2Fmedia&parent=48"}],"curies":[{"name":"wp","href":"https:\/\/api.w.org\/{rel}","templated":true}]}}