{"id":321,"date":"2022-01-07T15:03:16","date_gmt":"2022-01-07T15:03:16","guid":{"rendered":"https:\/\/eclaire-nos-trames.fr\/?page_id=321"},"modified":"2025-09-15T23:40:53","modified_gmt":"2025-09-15T21:40:53","slug":"lart-du-toucher-selon-simeon-pressel","status":"publish","type":"page","link":"https:\/\/eclaire-nos-trames.fr\/?page_id=321","title":{"rendered":"Chaleur et Massage"},"content":{"rendered":"\n<blockquote class=\"wp-block-quote has-text-align-center is-layout-flow wp-block-quote-is-layout-flow\">\n<p><em>\u00ab\u00a0Il n&rsquo;y a qu&rsquo;un seul temple au monde et c&rsquo;est le corps humain. Rien n&rsquo;est plus saint que cette haute figure&#8230;On touche le ciel quand on touche un corps humain.\u00a0\u00bb<\/em><\/p>\n\n\n\n<p>Novalis Fragment 14<\/p>\n<\/blockquote>\n\n\n\n<p><\/p>\n\n\n\n<figure class=\"wp-block-image size-large is-style-rounded\"><img loading=\"lazy\" decoding=\"async\" width=\"1024\" height=\"683\" src=\"http:\/\/eclaire-nos-trames.fr\/wp-content\/uploads\/2022\/01\/6711c19d-c098-4733-aad9-10e401174586-1024x683.jpg\" alt=\"\" class=\"wp-image-219\" srcset=\"https:\/\/eclaire-nos-trames.fr\/wp-content\/uploads\/2022\/01\/6711c19d-c098-4733-aad9-10e401174586-1024x683.jpg 1024w, https:\/\/eclaire-nos-trames.fr\/wp-content\/uploads\/2022\/01\/6711c19d-c098-4733-aad9-10e401174586-300x200.jpg 300w, https:\/\/eclaire-nos-trames.fr\/wp-content\/uploads\/2022\/01\/6711c19d-c098-4733-aad9-10e401174586-768x512.jpg 768w, https:\/\/eclaire-nos-trames.fr\/wp-content\/uploads\/2022\/01\/6711c19d-c098-4733-aad9-10e401174586-1536x1024.jpg 1536w, https:\/\/eclaire-nos-trames.fr\/wp-content\/uploads\/2022\/01\/6711c19d-c098-4733-aad9-10e401174586-2048x1366.jpg 2048w\" sizes=\"auto, (max-width: 767px) 89vw, (max-width: 1000px) 54vw, (max-width: 1071px) 543px, 580px\" \/><\/figure>\n\n\n\n<p class=\"has-text-align-center\"><em>Dans le massage, il s\u2019agit, \u00e0 travers les mains, d\u2019\u00e9couter les rythmes de l\u2019\u00eatre qui vient \u00e0 nous.<br>Avec chaleur, s\u2019appuyer sur le souffle subtil, profond, cellulaire, afin d\u2019\u00e9tablir le contact avec l\u2019\u00e9cosyst\u00e8me de l\u2019Autre. \u00ab Je \u00bb prends Soin de \u00ab Toi \u00bb. Le \u00ab&nbsp;Toi&nbsp;\u00bb, chemin faisant, nous offre sa confiance. Les besoins du corps de cet Autre, de son \u00e2me et de son esprit sont invit\u00e9s \u00e0 se d\u00e9poser, \u00e0 se r\u00e9v\u00e9ler, \u00e0 se laisser \u00e9clore ; afin de se d\u00e9lester de ce qui n\u2019a plus lieu d\u2019\u00eatre.<\/em><\/p>\n\n\n\n<p class=\"has-text-align-center\"><\/p>\n\n\n\n<p class=\"has-text-align-center\"><strong>Les massages Pressel et Rythmique Wegman\/Hauschka permettent \u00e0 la fois de relier et de d\u00e9lier. Ils permettent de r\u00e9int\u00e9grer des espaces de nous-m\u00eame fragment\u00e9s, bless\u00e9s, perdues, flous. Et \u00e9galement de dissoudre ce qui a in\u00e9vitablement durcit avec le temps. Le masseur part \u00e0 la rencontre de ces endroits dans le corps qui ne chantent plus, de ces endroits qui ne dansent plus. C&rsquo;est par la prise en compte des rythmes propres \u00e0 chacun, des impulsions offertes par les formes des spirales, des lemniscates, des vortex, etc, que la respiration et la circulation du receveur se r\u00e9harmonisent;   Le mouvement en soi se fluidifie, l&rsquo;\u00e2me est apais\u00e9e, l&rsquo;esprit rafraichit.<\/strong> <\/p>\n\n\n\n<p class=\"has-text-align-left\"><\/p>\n\n\n\n<p><strong>En massage Pressel<\/strong>, <strong>deux s\u00e9ances sont n\u00e9cessaires pour recevoir un massage complet<\/strong> :<\/p>\n\n\n\n<p class=\"has-text-align-center\"><strong>la premi\u00e8re s\u00e9ance concerne le<\/strong> <strong>bas du corps<\/strong> (jambes, taille, sacrum)<\/p>\n\n\n\n<p class=\"has-text-align-center\"><strong>et la seconde s\u00e9ance concerne le<\/strong> <strong>haut du corps<\/strong> (dos, omoplates, trap\u00e8ze, bras, nuque)<\/p>\n\n\n\n<p class=\"has-text-align-center\">Ce massage permet de faire un \u00e9tat des lieux et une mise \u00e0 jour des corps physique, rythmique et psychique. Au rythme des saisons, en cure, bi-mensuel&#8230;<\/p>\n\n\n\n<p class=\"has-text-align-center\">L&rsquo;art du toucher en Pressel est profond et dynamique.<\/p>\n\n\n\n<p class=\"has-text-align-center\">\u00ab\u00a0Pour les mains du th\u00e9rapeute, il y a une ligne de s\u00e9paration invisible \u00e0 la taille. Les effets du massage irradient la moiti\u00e9 oppos\u00e9e du corps, sur la partie non mass\u00e9e.<\/p>\n\n\n\n<p class=\"has-text-align-center\">En massage Pressel, les s\u00e9ances s&rsquo;alternent avec le massage \u00ab\u00a0du bas\u00a0\u00bb et le massage \u00ab\u00a0du haut\u00a0\u00bb. Les deux parties sont ex\u00e9cut\u00e9es dans un \u00e9change rythmique et peuvent \u00eatre interpr\u00e9t\u00e9es comme une lemniscate (chiffre huit ou symbole de l&rsquo;infini) qui n&rsquo;a pas seulement des effets locaux, mais fonctionne \u00e9galement \u00e0 partir de son p\u00f4le oppos\u00e9. Le massage a un effet \u00e9nergisant et cicatrisant qui concerne d&rsquo;abord le plan externe de la musculature et atteint ensuite le fonctionnement des organes internes.<\/p>\n\n\n\n<p class=\"has-text-align-center\">Chaque traitement est adapt\u00e9 aux besoins de chaque personne, en ce qui concerne la qualit\u00e9 et la profondeur du toucher, ainsi que la dur\u00e9e du massage. Mais, comme le but premier de ce massage est de renforcer le flux des forces de gu\u00e9rison du receveur lui-m\u00eame, le massoth\u00e9rapeute ne se concentre pas sur les endroits probl\u00e9matiques en particulier. Ce massage permet de remettre en fonction les zones o\u00f9 les processus de vie ont \u00e9t\u00e9 perdus. Un r\u00e9veil sur le plan physique permet de d\u00e9couvrir des d\u00e9s\u00e9quilibres, tels que des durcissements et des tensions, et favorise la participation de la personne mass\u00e9e au processus de changement, \u00e0 mesure que le pouvoir de faire face \u00e0 soi-m\u00eame est renforc\u00e9.<\/p>\n\n\n\n<p class=\"has-text-align-center\">La force d&rsquo;auto gu\u00e9rison peut \u00eatre exp\u00e9riment\u00e9e de diff\u00e9rentes mani\u00e8res : par la chaleur (la circulation sanguine augmente), sous forme de sensation de l\u00e9g\u00e8ret\u00e9 ou de relaxation (musculaire), par de la fatigue (lorsque les toxines sont \u00e9limin\u00e9es), mais aussi sous forme de d\u00e9termination, de tranquillit\u00e9 d&rsquo;esprit, de clarification pour l&rsquo;\u00e2me, comme une musique ou une pr\u00e9sence spirituelle.\u00a0\u00bb<\/p>\n\n\n\n<p><\/p>\n\n\n\n<p class=\"has-text-align-center\"><strong>Massage Rythmique Wegman\/Hauschka<\/strong> &#8211; <\/p>\n\n\n\n<p class=\"has-text-align-center\">\u00ab\u00a0L\u2019objectif du massage rythmique est de stimuler les forces auto-curatives du patient au moyen d\u2019une manipulation empathique, fluide et rythm\u00e9e. Les processus embourb\u00e9s dans la passivit\u00e9 peuvent ainsi \u00eatre r\u00e9activ\u00e9s et les d\u00e9s\u00e9quilibres sont contrebalanc\u00e9s. En outre, le massage am\u00e9liore la circulation sanguine et lymphatique et r\u00e9gule la tension dans les tissus musculaires et conjonctifs. Le massage rythmique peut \u00e9galement exercer une influence positive sur les fonctions autonomes comme la respiration, la digestion, le cycle veille-sommeil et l\u2019immunit\u00e9 anti-infectieuse.\u00a0\u00bb<\/p>\n\n\n\n<p class=\"has-text-align-center\">L&rsquo;art du toucher en massage Rythmique Wegman\/Hauschka est lent, doux, r\u00e9p\u00e9titif et profond.<\/p>\n\n\n\n<p><\/p>\n\n\n\n<p class=\"has-text-align-center\"><strong>Dur\u00e9e<\/strong> de chaque s\u00e9ance Pressel ou Rythmique : <strong>entre 1h30 et 1h45<\/strong><\/p>\n\n\n\n<p class=\"has-text-align-center\">Chaque s\u00e9ance comprend : l&rsquo;entretien pr\u00e9alable, le massage personnalis\u00e9, le temps de repos, l&rsquo;entretien de fin de s\u00e9ance.<\/p>\n\n\n\n<p class=\"has-text-align-center\"><strong>Tarif <\/strong>normal en cabinet Moli\u00e8res, St C\u00e9r\u00e9, Terrou : <strong>90\u20ac\/s\u00e9ance<\/strong><\/p>\n\n\n\n<p class=\"has-text-align-center\"><strong>Tarif<\/strong> \u00e0 domicile, ou en itin\u00e9rance en France, Lyon, Paris-Chatou, Avignon, Toulouse, \u00e0 la demande, \u00e0 partir de 8 s\u00e9ances, comprenant les frais de d\u00e9placement et du mat\u00e9riel : <strong>100\u20ac\/s\u00e9ance<\/strong><\/p>\n\n\n\n<p class=\"has-text-align-center\"><strong>Tarif solidaire, me consulter<\/strong><\/p>\n\n\n\n<p class=\"has-text-align-center\"><strong>Lorsque vous recevez un accompagnement en l&rsquo;acquittant \u00e0 sa pleine valeur, vous facilitez l&rsquo;acc\u00e8s au soin \u00e0 des personnes aux revenus modestes.<\/strong><\/p>\n\n\n\n<figure class=\"wp-block-image size-full is-style-rounded\"><img loading=\"lazy\" decoding=\"async\" width=\"1024\" height=\"682\" src=\"http:\/\/eclaire-nos-trames.fr\/wp-content\/uploads\/2022\/01\/f0ed66ef-84c5-41b3-a41a-b62ee631bc96.jpg\" alt=\"\" class=\"wp-image-218\" srcset=\"https:\/\/eclaire-nos-trames.fr\/wp-content\/uploads\/2022\/01\/f0ed66ef-84c5-41b3-a41a-b62ee631bc96.jpg 1024w, https:\/\/eclaire-nos-trames.fr\/wp-content\/uploads\/2022\/01\/f0ed66ef-84c5-41b3-a41a-b62ee631bc96-300x200.jpg 300w, https:\/\/eclaire-nos-trames.fr\/wp-content\/uploads\/2022\/01\/f0ed66ef-84c5-41b3-a41a-b62ee631bc96-768x512.jpg 768w\" sizes=\"auto, (max-width: 767px) 89vw, (max-width: 1000px) 54vw, (max-width: 1071px) 543px, 580px\" \/><\/figure>\n\n\n\n<h2 class=\"wp-block-heading has-text-align-center\" id=\"temoignages\">Quelques T\u00e9moignages :<\/h2>\n\n\n\n<blockquote class=\"wp-block-quote has-text-align-center is-layout-flow wp-block-quote-is-layout-flow\">\n<p><strong>\u00ab&nbsp;Dans la vie, il y a parfois des moments suspendus, hors du temps, des moments infinis\u2026 infiniment divins. Y mettre des mots, est bien faible au regard de l\u2019instant v\u00e9cu. C\u2019est ce que j\u2019ai ressenti lors de tes massages.<\/strong><\/p>\n\n\n\n<p><strong>D\u2019abord, j\u2019ai \u00e9t\u00e9 envelopp\u00e9 par la qualit\u00e9 de ta pr\u00e9sence, ton ancrage et ta douceur. Tu es l\u00e0, pleinement pr\u00e9sente, au service de l\u2019autre. Les mots pos\u00e9s, sur chacune de tes actions, ont offert \u00e0 mon mental et \u00e0 mon corps \u00e9motionnel, une s\u00e9curit\u00e9, une qui\u00e9tude, une tranquillit\u00e9, de la s\u00e9r\u00e9nit\u00e9, de la confiance.<\/strong><\/p>\n\n\n\n<p><strong>Envelopp\u00e9, fut ensuite mon corps physique. Chacune des cellules de mon corps furent prises en consid\u00e9ration et honor\u00e9es sous&nbsp;: les poils de crin de cheval de ta brosse &#8211; comme pour informer et (r)\u00e9veiller celles-ci &#8211; puis sous la pulpe de tes mains, et la laine de tes chaudes couvertures.<\/strong><\/p>\n\n\n\n<p><strong>Dans ce contexte enveloppant, mon corps spirituel a pu \u00e9clore et s\u2019\u00e9panouir, pour vivre un moment d\u00e9licat, un instant de gr\u00e2ce.<\/strong><\/p>\n\n\n\n<p><strong>Pablo Picasso disait<\/strong> : <strong>\u201c&nbsp;-Le sens de la vie est de trouver ses dons. Le but de la vie est d&rsquo;en faire don aux autres&nbsp;\u201d, assur\u00e9ment Johana, tu es dans la vie.&nbsp;\u00bb<\/strong> Nicolas B. exp\u00e9rience du massage Pressel et Rythmique<\/p>\n<\/blockquote>\n\n\n\n<blockquote class=\"wp-block-quote has-text-align-center is-layout-flow wp-block-quote-is-layout-flow\">\n<p class=\"has-text-align-center\"><strong>\u00ab\u00a0Ce massage est de la nourriture spirituelle!\u00a0\u00bb <\/strong>Am\u00e9lie F. Massage Pressel et Rythmique<\/p>\n<\/blockquote>\n\n\n\n<blockquote class=\"wp-block-quote is-layout-flow wp-block-quote-is-layout-flow\">\n<p class=\"has-text-align-center\">\u00ab\u00a0<strong>Ch\u00e8re Johana,&nbsp;Gratitude infinie&#8230;  Je suis empreinte de ta bienveillance et puissante force de mouvement dans ma chair&#8230;  Je suis dans une confiance indicible que tu as fait un miracle&nbsp;ce matin.&nbsp;Gr\u00e2ce et B\u00e9n\u00e9diction\u00a0\u00bb&nbsp;<\/strong>Cl\u00e9mentine C. exp\u00e9rience du massage Pressel et Rythmique <\/p>\n\n\n\n<p class=\"has-text-align-center\"><strong>\u00ab\u00a0Merci Johana pour ce dernier massage qui une fois de plus m&rsquo;a fait voyager dans mon \u00eatre et dans tout mon corps. En ce qui me concerne, tes massages atteignent l&rsquo;\u00e2me, je ne saurai dire autrement! Que se soit l&rsquo;extr\u00eame douceur, parfois la fermet\u00e9 n\u00e9cessaire, la pr\u00e9sence, la pr\u00e9cision, la chaleur enveloppante, ton toucher est unique et incomparable. Je ne pourrais en dire plus, toutes les pr\u00e9cisions et les bienfaits de ces massages qui durent dans le temps sont \u00e9crites sur ces pages et sont parfaitement exacts!\u00a0\u00bb  <\/strong>Pierre. exp\u00e9rience du massage Rythmique et Pressel durant 4 ans.<\/p>\n<\/blockquote>\n\n\n\n<figure class=\"wp-block-image size-large is-style-rounded\"><img loading=\"lazy\" decoding=\"async\" width=\"1024\" height=\"1024\" src=\"http:\/\/eclaire-nos-trames.fr\/wp-content\/uploads\/2022\/02\/Pressel-5103-1024x1024.jpg\" alt=\"\" class=\"wp-image-432\" srcset=\"https:\/\/eclaire-nos-trames.fr\/wp-content\/uploads\/2022\/02\/Pressel-5103-1024x1024.jpg 1024w, https:\/\/eclaire-nos-trames.fr\/wp-content\/uploads\/2022\/02\/Pressel-5103-300x300.jpg 300w, https:\/\/eclaire-nos-trames.fr\/wp-content\/uploads\/2022\/02\/Pressel-5103-150x150.jpg 150w, https:\/\/eclaire-nos-trames.fr\/wp-content\/uploads\/2022\/02\/Pressel-5103-768x768.jpg 768w, https:\/\/eclaire-nos-trames.fr\/wp-content\/uploads\/2022\/02\/Pressel-5103-1536x1536.jpg 1536w, https:\/\/eclaire-nos-trames.fr\/wp-content\/uploads\/2022\/02\/Pressel-5103-2048x2048.jpg 2048w, https:\/\/eclaire-nos-trames.fr\/wp-content\/uploads\/2022\/02\/Pressel-5103-100x100.jpg 100w\" sizes=\"auto, (max-width: 767px) 89vw, (max-width: 1000px) 54vw, (max-width: 1071px) 543px, 580px\" \/><\/figure>\n\n\n\n<blockquote class=\"wp-block-quote is-layout-flow wp-block-quote-is-layout-flow\">\n<p><em><strong>&lt;&lt;  Le ciel ne peut descendre jusqu&rsquo;\u00e0 nous, \u00e0 moins que notre c\u0153ur n&rsquo;y trouve aujourd&rsquo;hui m\u00eame son repos. Prenez donc le ciel. Il n&rsquo;existe pas de Paix dans l&rsquo;avenir qui ne soit cach\u00e9e dans ce court moment pr\u00e9sent. Prenez donc la Paix. >> Fra Angelico<\/strong><\/em><\/p>\n<\/blockquote>\n\n\n\n<figure class=\"wp-block-image size-large is-style-rounded\"><img loading=\"lazy\" decoding=\"async\" width=\"1024\" height=\"1024\" src=\"http:\/\/eclaire-nos-trames.fr\/wp-content\/uploads\/2022\/02\/Pressel-5094-1024x1024.jpg\" alt=\"\" class=\"wp-image-434\" srcset=\"https:\/\/eclaire-nos-trames.fr\/wp-content\/uploads\/2022\/02\/Pressel-5094-1024x1024.jpg 1024w, https:\/\/eclaire-nos-trames.fr\/wp-content\/uploads\/2022\/02\/Pressel-5094-300x300.jpg 300w, https:\/\/eclaire-nos-trames.fr\/wp-content\/uploads\/2022\/02\/Pressel-5094-150x150.jpg 150w, https:\/\/eclaire-nos-trames.fr\/wp-content\/uploads\/2022\/02\/Pressel-5094-768x768.jpg 768w, https:\/\/eclaire-nos-trames.fr\/wp-content\/uploads\/2022\/02\/Pressel-5094-1536x1536.jpg 1536w, https:\/\/eclaire-nos-trames.fr\/wp-content\/uploads\/2022\/02\/Pressel-5094-2048x2048.jpg 2048w, https:\/\/eclaire-nos-trames.fr\/wp-content\/uploads\/2022\/02\/Pressel-5094-100x100.jpg 100w\" sizes=\"auto, (max-width: 767px) 89vw, (max-width: 1000px) 54vw, (max-width: 1071px) 543px, 580px\" \/><\/figure>\n\n\n\n<blockquote class=\"wp-block-quote is-layout-flow wp-block-quote-is-layout-flow\">\n<p><strong>\u00ab\u00a0Johana invite \u00e0 prendre un temps pour soi, dans l\u2019intime et l\u2019instant pr\u00e9sent qu\u2019on ne devrait pas quitter, dans le sentir, oui voil\u00e0, dans l\u2019\u00eatre que nous sommes. Agir dans son silence, pas de mot, pas de geste, juste recevoir ce qu\u2019on est venu chercher et qui nous est g\u00e9n\u00e9reusement offert, et repartir sur son chemin de vie, pour la suite \ud83d\ude09<\/strong>\u00a0\u00bb Lancelot &#8211; 1\u00e8re exp\u00e9rience du massage Pressel<\/p>\n<\/blockquote>\n\n\n\n<figure class=\"wp-block-image size-large is-style-rounded\"><img loading=\"lazy\" decoding=\"async\" width=\"1024\" height=\"683\" src=\"http:\/\/eclaire-nos-trames.fr\/wp-content\/uploads\/2022\/02\/Pressel-5157-1024x683.jpg\" alt=\"\" class=\"wp-image-431\" srcset=\"https:\/\/eclaire-nos-trames.fr\/wp-content\/uploads\/2022\/02\/Pressel-5157-1024x683.jpg 1024w, https:\/\/eclaire-nos-trames.fr\/wp-content\/uploads\/2022\/02\/Pressel-5157-300x200.jpg 300w, https:\/\/eclaire-nos-trames.fr\/wp-content\/uploads\/2022\/02\/Pressel-5157-768x512.jpg 768w, https:\/\/eclaire-nos-trames.fr\/wp-content\/uploads\/2022\/02\/Pressel-5157-1536x1024.jpg 1536w, https:\/\/eclaire-nos-trames.fr\/wp-content\/uploads\/2022\/02\/Pressel-5157-2048x1365.jpg 2048w\" sizes=\"auto, (max-width: 767px) 89vw, (max-width: 1000px) 54vw, (max-width: 1071px) 543px, 580px\" \/><\/figure>\n","protected":false},"excerpt":{"rendered":"<p>\u00ab\u00a0Il n&rsquo;y a qu&rsquo;un seul temple au monde et c&rsquo;est le corps humain. Rien n&rsquo;est plus saint que cette haute figure&#8230;On touche le ciel quand on touche un corps humain.\u00a0\u00bb Novalis Fragment 14 Dans le massage, il s\u2019agit, \u00e0 travers les mains, d\u2019\u00e9couter les rythmes de l\u2019\u00eatre qui vient \u00e0 nous.Avec chaleur, s\u2019appuyer sur le &hellip; <\/p>\n<p class=\"link-more\"><a href=\"https:\/\/eclaire-nos-trames.fr\/?page_id=321\" class=\"more-link\">Continuer la lecture<span class=\"screen-reader-text\"> de &laquo;&nbsp;Chaleur et Massage&nbsp;&raquo;<\/span><\/a><\/p>\n","protected":false},"author":1,"featured_media":0,"parent":0,"menu_order":0,"comment_status":"closed","ping_status":"closed","template":"","meta":{"_monsterinsights_skip_tracking":false,"_monsterinsights_sitenote_active":false,"_monsterinsights_sitenote_note":"","_monsterinsights_sitenote_category":0,"footnotes":""},"class_list":["post-321","page","type-page","status-publish","hentry"],"aioseo_notices":[],"_links":{"self":[{"href":"https:\/\/eclaire-nos-trames.fr\/index.php?rest_route=\/wp\/v2\/pages\/321","targetHints":{"allow":["GET"]}}],"collection":[{"href":"https:\/\/eclaire-nos-trames.fr\/index.php?rest_route=\/wp\/v2\/pages"}],"about":[{"href":"https:\/\/eclaire-nos-trames.fr\/index.php?rest_route=\/wp\/v2\/types\/page"}],"author":[{"embeddable":true,"href":"https:\/\/eclaire-nos-trames.fr\/index.php?rest_route=\/wp\/v2\/users\/1"}],"replies":[{"embeddable":true,"href":"https:\/\/eclaire-nos-trames.fr\/index.php?rest_route=%2Fwp%2Fv2%2Fcomments&post=321"}],"version-history":[{"count":42,"href":"https:\/\/eclaire-nos-trames.fr\/index.php?rest_route=\/wp\/v2\/pages\/321\/revisions"}],"predecessor-version":[{"id":811,"href":"https:\/\/eclaire-nos-trames.fr\/index.php?rest_route=\/wp\/v2\/pages\/321\/revisions\/811"}],"wp:attachment":[{"href":"https:\/\/eclaire-nos-trames.fr\/index.php?rest_route=%2Fwp%2Fv2%2Fmedia&parent=321"}],"curies":[{"name":"wp","href":"https:\/\/api.w.org\/{rel}","templated":true}]}}