{"id":290,"date":"2022-01-04T15:09:03","date_gmt":"2022-01-04T15:09:03","guid":{"rendered":"https:\/\/eclaire-nos-trames.fr\/?page_id=290"},"modified":"2025-09-15T22:51:53","modified_gmt":"2025-09-15T20:51:53","slug":"ateliers-stages-retraites","status":"publish","type":"page","link":"https:\/\/eclaire-nos-trames.fr\/?page_id=290","title":{"rendered":"Cours et Stages"},"content":{"rendered":"\n<h2 class=\"wp-block-heading\">Cours de Yoga et Cours de Yoga-Eurythmie<\/h2>\n\n\n\n<p>Pratiquante de Yoga d\u00e8s l\u2019\u00e2ge de 15 ans. Il m&rsquo;a accompagn\u00e9 durant toute ma carri\u00e8re de danseuse et de professeur de danse. A travers ces diverses formes, telles que le Yoga Iyengar, l\u2019Ashtanga Yoga, le Hatha Yoga et le Yin Yoga. Depuis, je personnalise mes cours de yoga, en fonction du public, de la demande et de la dur\u00e9e. Ils sont ax\u00e9s sur la conscience du souffle, les appuis et l\u2019accueil de Ce qui est pr\u00e9sent. Ils peuvent \u00eatre tr\u00e8s dynamiques et mobiliser particuli\u00e8rement le corps physique et ou au contraire allier lenteur et douceur pour permettre d\u00e9tente et l\u00e2cher prise du neuro-sensoriel.<\/p>\n\n\n\n<p>Les cours de yoga sont collectifs ou individuels en pr\u00e9sentiel ou par visio.<\/p>\n\n\n\n<p><strong>Cours d&rsquo;Eurythmie-Yoga tous les mardis de 10h \u00e0 11h15, hors vacances scolaire, \u00e0 la salle communale de Moli\u00e8res.<\/strong><\/p>\n\n\n\n<p>Ils sont ouverts \u00e0 Tous, aux praticiens avanc\u00e9s tout comme aux d\u00e9butants. Dans ce cours, nous explorons la conscience du souffle, \u00e0 l&rsquo;espace, \u00e0 ses sensations corporelles, l&rsquo;espace en lien avec les autres, nous d\u00e9veloppons l&rsquo;\u00e9coute de son rythme propre et nous apprenons \u00e0 nous accorder au rythme du groupe. Les cours se terminent par un temps de retour \u00e0 soi qui permet d&rsquo;assimiler ce qui a \u00e9t\u00e9 travers\u00e9. <\/p>\n\n\n\n<p><strong>Bienvenue pour cette nouvelle rentr\u00e9e 2025\/2026!!!<\/strong><\/p>\n\n\n\n<p><strong>Tarif cours de Yoga-Eurythmie \u00e0 Moli\u00e8res<\/strong><\/p>\n\n\n\n<p><strong>Engagement \u00e0 l\u2019ann\u00e9e : 380\u20ac<\/strong><\/p>\n\n\n\n<p><strong>Engagement au trimestre : 150\u20ac (1er trimestre octobre-novembre-d\u00e9cembre, 2\u00e8me trimestre janvier-f\u00e9vrier-mars, 3\u00e8me trimestre avril-mai-juin)<\/strong><\/p>\n\n\n\n<p><strong>Carte de 10 cours valable toute l&rsquo;ann\u00e9e scolaire en cours : 180\u20ac<\/strong><\/p>\n\n\n\n<p><strong>Cours collectif \u00e0 l\u2019unit\u00e9 (visiteur) : 20\u20ac\/cours<\/strong><\/p>\n\n\n\n<p><strong>S\u00e9ance individuelle 1h<\/strong> pr\u00e9sentiel ou visio <strong>: 80\u20ac<\/strong><\/p>\n\n\n\n<p><strong>Tarifs solidaires, me consulter.<\/strong><\/p>\n\n\n\n<p>Grille tarifaire : Pour toute inscription en cours d\u2019ann\u00e9e, nous appliquons des forfaits au prorata. <\/p>\n\n\n\n<p>Par exemple : si le 13 d\u00e9cembre, un \u00e9l\u00e8ve veut s&rsquo;engager jusqu&rsquo;\u00e0 la fin de l&rsquo;ann\u00e9e scolaire en cours,  le tarif appliqu\u00e9 concernera le nombre de cours restants, dans ce cas, le tarif sera appliqu\u00e9 pour 23 cours sur la base du forfait \u00e0 l&rsquo;ann\u00e9e (23 x 11.51 = 265)<\/p>\n\n\n\n<figure class=\"wp-block-image size-large\"><img loading=\"lazy\" decoding=\"async\" width=\"1024\" height=\"576\" src=\"https:\/\/eclaire-nos-trames.fr\/wp-content\/uploads\/2025\/07\/Johana_Yoga_Tarifs-2025-2026-1024x576.jpg\" alt=\"\" class=\"wp-image-801\" srcset=\"https:\/\/eclaire-nos-trames.fr\/wp-content\/uploads\/2025\/07\/Johana_Yoga_Tarifs-2025-2026-1024x576.jpg 1024w, https:\/\/eclaire-nos-trames.fr\/wp-content\/uploads\/2025\/07\/Johana_Yoga_Tarifs-2025-2026-300x169.jpg 300w, https:\/\/eclaire-nos-trames.fr\/wp-content\/uploads\/2025\/07\/Johana_Yoga_Tarifs-2025-2026-768x432.jpg 768w, https:\/\/eclaire-nos-trames.fr\/wp-content\/uploads\/2025\/07\/Johana_Yoga_Tarifs-2025-2026.jpg 1280w\" sizes=\"auto, (max-width: 767px) 89vw, (max-width: 1000px) 54vw, (max-width: 1071px) 543px, 580px\" \/><\/figure>\n\n\n\n<p><\/p>\n\n\n\n<h1 class=\"wp-block-heading has-text-align-center\" id=\"l-art-de-la-rencontre-avec-flavia-mounaji-et-johana-lemarchand\">Stage <strong><em>L&rsquo;art de la rencontre<\/em> avec Flavia Mounaji et Johana Lemarchand<\/strong><\/h1>\n\n\n<div class=\"wp-block-image is-resized is-style-rounded\">\n<figure class=\"aligncenter size-large\"><img loading=\"lazy\" decoding=\"async\" width=\"683\" height=\"1024\" src=\"http:\/\/eclaire-nos-trames.fr\/wp-content\/uploads\/2022\/01\/rando-anes-soeur-114-683x1024.jpg\" alt=\"\" class=\"wp-image-402\" srcset=\"https:\/\/eclaire-nos-trames.fr\/wp-content\/uploads\/2022\/01\/rando-anes-soeur-114-683x1024.jpg 683w, https:\/\/eclaire-nos-trames.fr\/wp-content\/uploads\/2022\/01\/rando-anes-soeur-114-200x300.jpg 200w, https:\/\/eclaire-nos-trames.fr\/wp-content\/uploads\/2022\/01\/rando-anes-soeur-114-768x1152.jpg 768w, https:\/\/eclaire-nos-trames.fr\/wp-content\/uploads\/2022\/01\/rando-anes-soeur-114-1024x1536.jpg 1024w, https:\/\/eclaire-nos-trames.fr\/wp-content\/uploads\/2022\/01\/rando-anes-soeur-114-1365x2048.jpg 1365w, https:\/\/eclaire-nos-trames.fr\/wp-content\/uploads\/2022\/01\/rando-anes-soeur-114-scaled.jpg 1707w\" sizes=\"auto, (max-width: 683px) 100vw, 683px\" \/><figcaption class=\"wp-element-caption\"><em>\u00ab\u00a0l&rsquo;art de la rencontre\u00a0\u00bb<\/em><\/figcaption><\/figure>\n<\/div>\n\n\n<p class=\"has-text-align-center\">Exp\u00e9riences&nbsp;en corps, souffle et voix&nbsp;:&nbsp;<em>Une exp\u00e9rience des forces en pr\u00e9sence.<\/em><\/p>\n\n\n\n<p class=\"has-text-align-center\">Deux femmes vous invitent chaleureusement \u00e0 cheminer avec elles le temps de 4 rendez-vous dans l\u2019ann\u00e9e.<\/p>\n\n\n\n<p class=\"has-text-align-center\">Des temps collectifs et des temps individuels au travers de l&rsquo;\u00c9coute, du Verbe, du Son parl\u00e9 et chant\u00e9, du Toucher, du Mouvement, de la Danse\u2026<\/p>\n\n\n\n<p class=\"has-text-align-center\">Des temps artistiques, cr\u00e9atifs o\u00f9 l\u2019on accueille en confiance ses sensations, ses expressions, ses \u00e9motions, sa force, sa puissance, sa beaut\u00e9\u2026son essence.<\/p>\n\n\n\n<p class=\"has-text-align-center\">A chaque rendez-vous dans l\u2019ann\u00e9e, le rythme de la saison en cours nous invite dans son tempo.<\/p>\n\n\n\n<p class=\"has-text-align-center\">4 week-ends dans l\u2019ann\u00e9e&nbsp;:<em>&nbsp;4 rendez-vous \u00e0 vivre comme des passages o\u00f9 l\u2019on se met, en toute simplicit\u00e9, \u00e0 l\u2019honneur.&nbsp; Le \u00ab&nbsp;th\u00e8me du moment&nbsp;\u00bb de chaque participant sera, tour \u00e0 tour, rencontr\u00e9 et d\u00e9roul\u00e9 en groupe et en individuel :<\/em><\/p>\n\n\n\n<p class=\"has-text-align-center\"><strong>*automne<\/strong> 2025<\/p>\n\n\n\n<p class=\"has-text-align-center\"><strong>*hiver<\/strong> 2025<\/p>\n\n\n\n<p class=\"has-text-align-center\"><strong>*printemps<\/strong> 2026<\/p>\n\n\n\n<p class=\"has-text-align-center\"><strong>*\u00e9t\u00e9<\/strong> 2026<\/p>\n\n\n\n<p class=\"has-text-align-center\">3 week-ends in situ \u00e0 Moli\u00e8res dans le Lot, automne, hiver, printemps : 350\u20ac\/week-end tout compris frais p\u00e9dagogique, h\u00e9bergement + nourriture<\/p>\n\n\n\n<p class=\"has-text-align-center\">1 week-end de 3 jours en bivouac en randonn\u00e9es avec des \u00e2nes, \u00e9t\u00e9&nbsp;: 500\u20ac frais p\u00e9dagogique, nourriture et location des \u00e2nes.<\/p>\n\n\n\n<p class=\"has-text-align-center\"><strong>Le temps du massage est un temps o\u00f9 l\u2019on l\u00e2che prise<\/strong> :<\/p>\n\n\n\n<p class=\"has-text-align-center\"><em>D\u00e9poser ses fardeaux, c\u2019est aussi oser cette vuln\u00e9rabilit\u00e9. Dans ce l\u00e2cher qui vient, il y a le geste d\u2019offrir sa confiance&nbsp;; en retour, il y a celui de recevoir une \u00e9coute, un enveloppement, des impulsions, de la chaleur, du contact. Une transformation dans l\u2019indicible peut avoir lieu.<\/em><\/p>\n\n\n\n<p class=\"has-text-align-center\"><strong>Le temps de l\u2019\u00e9coute biographique est un temps o\u00f9 l\u2019on se raconte <\/strong>:<\/p>\n\n\n\n<p class=\"has-text-align-center\"><em>Conter son histoire et s\u2019\u00e9tonner, se surprendre de ce qui s\u2019est d\u00e9j\u00e0 v\u00e9cu. Se souvenir de Qui on est. Insuffle un \u00e9lan haut et clair vers l\u00e0 o\u00f9 l\u2019on souhaite aller.<\/em><\/p>\n\n\n\n<p class=\"has-text-align-center\"><strong>Le temps du mouvement et des explorations li\u00e9es au Corps et \u00e0 la Voix est un temps o\u00f9 l\u2019on interagit avec le monde sensible<\/strong> :<\/p>\n\n\n\n<p class=\"has-text-align-center\"><em>\u00catre dans son souffle, se laisser respirer. Se laisser inspirer. Par l\u2019espace, par les battements de son c\u0153ur. Toucher, \u00eatre touch\u00e9. Avec d\u00e9licatesse, avec puissance. Rester pr\u00e9sent. Simplement\u2026<\/em><\/p>\n\n\n\n<p class=\"has-text-align-center\"><strong>Vivre chaque temps, chaque proposition comme une exp\u00e9rience cr\u00e9atrice.<\/strong>&nbsp;Mis en r\u00e9sonance ou mise en lien, elles d\u00e9voilent notre trame cr\u00e9atrice individuelle et collective.<\/p>\n\n\n\n<p class=\"has-text-align-center\">Il pourrait s\u2019agir d\u2019\u00eatre simplement pr\u00e9sent \u00e0 ce qui est. A notre \u00e9ventail de ressentis, \u00e0 notre palette \u00e9motionnelle, \u00e0 nos facult\u00e9s d&rsquo;action.<\/p>\n\n\n\n<p class=\"has-text-align-center\"><em>\u00catre conscient de ce qui se trame en soi&nbsp;et \u00eatre conscient de l\u00e0 o\u00f9 \u00e7a nous meut<\/em>.&nbsp; Ce pourrait \u00eatre ce voyage l\u00e0 que nous vous proposons&nbsp;; une&nbsp;<em>exp\u00e9rience de&nbsp;<strong>la pr\u00e9sence en soi<\/strong>&nbsp;en lien avec&nbsp;<strong>ce qui est<\/strong>.<\/em><\/p>\n\n\n\n<p class=\"has-text-align-center\">Flavia Mounaji s\u2019est form\u00e9e \u00e0 la psychophonie apr\u00e8s un parcours de chanteuse lyrique. Son chemin l\u2019a amen\u00e9e \u00e0 se concentrer sur le potentiel d\u2019expression de la voix en lien avec le corps et l\u2019\u00eatre dans sa globalit\u00e9. Son int\u00e9r\u00eat profond pour la musique de l\u2019\u00eatre en devenir l\u2019a conduit \u00e0 d\u00e9velopper une \u00e9coute et un style tr\u00e8s personnel. Elle accompagne chacun sur les sentiers de son \u00eatre et de son sentir par des pratiques corporelles et artistiques. Pour plus d\u2019informations&nbsp;:&nbsp;<a rel=\"noreferrer noopener\" href=\"http:\/\/flaviamounaji.com\/\" target=\"_blank\">flaviamounaji.com<\/a><\/p>\n\n\n\n<p class=\"has-text-align-center\">***<\/p>\n\n\n\n<h1 class=\"wp-block-heading has-text-align-center\" id=\"stage-du-connu-a-l-inconnu-mouvement-et-nature-20-21-22-mai-2022\"><strong><em>Du connu \u00e0 l&rsquo;inconnu, <\/em><\/strong>Stage Printemps 2026<\/h1>\n\n\n\n<h1 class=\"wp-block-heading has-text-align-center\" id=\"stage-du-connu-a-l-inconnu-mouvement-et-nature-20-21-22-mai-2022\"><strong><em>Mouvement et Nature \u2013 <\/em> Mai 2026<\/strong><\/h1>\n\n\n\n<h1 class=\"wp-block-heading has-text-align-center\" id=\"avec-celine-marty-et-johana-lemarchand\"><strong>avec C\u00e9line Marty et Johana Lemarchand<\/strong><\/h1>\n\n\n\n<p class=\"has-text-align-center\"><\/p>\n\n\n<div class=\"wp-block-image is-style-rounded\">\n<figure class=\"aligncenter size-large\"><img loading=\"lazy\" decoding=\"async\" width=\"1024\" height=\"682\" src=\"http:\/\/eclaire-nos-trames.fr\/wp-content\/uploads\/2022\/01\/99a32b2e-4f42-4eee-b200-60d73b8fb673-1024x682.jpg\" alt=\"\" class=\"wp-image-395\" srcset=\"https:\/\/eclaire-nos-trames.fr\/wp-content\/uploads\/2022\/01\/99a32b2e-4f42-4eee-b200-60d73b8fb673-1024x682.jpg 1024w, https:\/\/eclaire-nos-trames.fr\/wp-content\/uploads\/2022\/01\/99a32b2e-4f42-4eee-b200-60d73b8fb673-300x200.jpg 300w, https:\/\/eclaire-nos-trames.fr\/wp-content\/uploads\/2022\/01\/99a32b2e-4f42-4eee-b200-60d73b8fb673-768x512.jpg 768w, https:\/\/eclaire-nos-trames.fr\/wp-content\/uploads\/2022\/01\/99a32b2e-4f42-4eee-b200-60d73b8fb673-1536x1024.jpg 1536w, https:\/\/eclaire-nos-trames.fr\/wp-content\/uploads\/2022\/01\/99a32b2e-4f42-4eee-b200-60d73b8fb673-2048x1365.jpg 2048w\" sizes=\"auto, (max-width: 767px) 89vw, (max-width: 1000px) 54vw, (max-width: 1071px) 543px, 580px\" \/><figcaption class=\"wp-element-caption\"> \u00ab\u00a0du connu \u00e0 l&rsquo;inconnu\u00a0\u00bb<\/figcaption><\/figure>\n<\/div>\n\n\n<p class=\"has-text-align-center\">A chaque pas, se red\u00e9couvrir,  <\/p>\n\n\n\n<p class=\"has-text-align-center\">dans cette d\u00e9couverte, s&rsquo;\u00e9merveiller :<\/p>\n\n\n\n<p class=\"has-text-align-center\">et si \u00e7a parlait de r\u00e9enchanter son r\u00e9el pour retrouver le fil de soi?<\/p>\n\n\n\n<p class=\"has-text-align-center\">3 jours d\u2019immersion in situ et dans la nature pour se r\u00e9approprier le flux vital qui bat en soi gr\u00e2ce \u00e0 des propositions guid\u00e9es \u00e0 travers la marche, le mouvement sensible et r\u00e9g\u00e9n\u00e9rateur, l\u2019improvisation dans\u00e9e, la voix, le chant, l&rsquo;\u00e9criture&#8230;<\/p>\n\n\n\n<p class=\"has-text-align-center\">Cet espace-temps est propos\u00e9 comme une invitation \u00e0 se reconnecter \u00e0 son biorythme, son corps, \u00e0 la nature, \u00e0 la rencontre en douceur avec l&rsquo;autre, et \u00e0 d\u00e9ployer son imagination, son intuition, sa cr\u00e9ativit\u00e9&#8230;<\/p>\n\n\n\n<p class=\"has-text-align-center\">C&rsquo;est une invitation \u00e0 vivre des exp\u00e9riences sensibles, cr\u00e9atrices, artistiques et th\u00e9rapeutiques au c\u0153ur de l&rsquo;Auvergne, dans un cadre propice pour aller du connu \u00e0 l&rsquo;inconnu;<\/p>\n\n\n\n<p class=\"has-text-align-center\"><strong>Afin de r\u00e9-ouvrir joyeusement et en grand, le champs des possibles en toute s\u00e9curit\u00e9.<\/strong><\/p>\n\n\n\n<p class=\"has-text-align-center\"><\/p>\n\n\n\n<p class=\"has-text-align-center\"><strong>Tarif tout compris : 350\u20ac<\/strong><\/p>\n\n\n\n<p class=\"has-text-align-center\">(Frais p\u00e9dagogique 260\u20ac, nourriture 3 jours 30\u20ac, 2 nuits 60\u20ac)<\/p>\n\n\n\n<p class=\"has-text-align-center\"><strong>Pr\u00e9voir l&rsquo;arriv\u00e9e la veille en fin d&rsquo;apr\u00e8s midi.<\/strong><\/p>\n\n\n\n<p class=\"has-text-align-center\"><strong>Prenez contact pour plus d&rsquo;informations <\/strong>:<\/p>\n\n\n\n<p class=\"has-text-align-center\"><a href=\"https:\/\/celinemarty.fr\/\">www.celinemarty.fr<\/a><\/p>\n\n\n\n<p class=\"has-text-align-center\">contact@celinemarty.fr<\/p>\n\n\n\n<p class=\"has-text-align-center\"><blockquote class=\"wp-embedded-content\" data-secret=\"rPKKzlSuwP\"><a href=\"https:\/\/eclaire-nos-trames.fr\/\">Eclairer notre \u00e2me, avec soin et chaleur<\/a><\/blockquote><iframe loading=\"lazy\" class=\"wp-embedded-content\" sandbox=\"allow-scripts\" security=\"restricted\" style=\"position: absolute; visibility: hidden;\" title=\"\u00ab\u00a0Eclairer notre \u00e2me, avec soin et chaleur\u00a0\u00bb &#8212; \u00e9claire nos trames\" src=\"https:\/\/eclaire-nos-trames.fr\/?embed=true#?secret=i8w5aUuRHg#?secret=rPKKzlSuwP\" data-secret=\"rPKKzlSuwP\" width=\"525\" height=\"296\" frameborder=\"0\" marginwidth=\"0\" marginheight=\"0\" scrolling=\"no\"><\/iframe><\/p>\n\n\n\n<p class=\"has-text-align-center\">eclairenostrames@gmail.com<\/p>\n\n\n\n<blockquote class=\"wp-block-quote is-layout-flow wp-block-quote-is-layout-flow\">\n<p class=\"has-text-align-center\">\u00a0\u00bb Il n&rsquo;est de V\u00e9rit\u00e9, que si dans le miroir de l&rsquo;\u00e2me humaine se refl\u00e8te la Communaut\u00e9, et que si dans la communaut\u00e9 enti\u00e8re vit la force de chaque \u00e2me individuelle.\u00a0\u00bb Sim\u00e9on Pressel<\/p>\n<\/blockquote>\n","protected":false},"excerpt":{"rendered":"<p>Cours de Yoga et Cours de Yoga-Eurythmie Pratiquante de Yoga d\u00e8s l\u2019\u00e2ge de 15 ans. Il m&rsquo;a accompagn\u00e9 durant toute ma carri\u00e8re de danseuse et de professeur de danse. A travers ces diverses formes, telles que le Yoga Iyengar, l\u2019Ashtanga Yoga, le Hatha Yoga et le Yin Yoga. Depuis, je personnalise mes cours de yoga, &hellip; <\/p>\n<p class=\"link-more\"><a href=\"https:\/\/eclaire-nos-trames.fr\/?page_id=290\" class=\"more-link\">Continuer la lecture<span class=\"screen-reader-text\"> de &laquo;&nbsp;Cours et Stages&nbsp;&raquo;<\/span><\/a><\/p>\n","protected":false},"author":1,"featured_media":253,"parent":0,"menu_order":0,"comment_status":"closed","ping_status":"closed","template":"","meta":{"_monsterinsights_skip_tracking":false,"_monsterinsights_sitenote_active":false,"_monsterinsights_sitenote_note":"","_monsterinsights_sitenote_category":0,"footnotes":""},"class_list":["post-290","page","type-page","status-publish","has-post-thumbnail","hentry"],"aioseo_notices":[],"_links":{"self":[{"href":"https:\/\/eclaire-nos-trames.fr\/index.php?rest_route=\/wp\/v2\/pages\/290","targetHints":{"allow":["GET"]}}],"collection":[{"href":"https:\/\/eclaire-nos-trames.fr\/index.php?rest_route=\/wp\/v2\/pages"}],"about":[{"href":"https:\/\/eclaire-nos-trames.fr\/index.php?rest_route=\/wp\/v2\/types\/page"}],"author":[{"embeddable":true,"href":"https:\/\/eclaire-nos-trames.fr\/index.php?rest_route=\/wp\/v2\/users\/1"}],"replies":[{"embeddable":true,"href":"https:\/\/eclaire-nos-trames.fr\/index.php?rest_route=%2Fwp%2Fv2%2Fcomments&post=290"}],"version-history":[{"count":31,"href":"https:\/\/eclaire-nos-trames.fr\/index.php?rest_route=\/wp\/v2\/pages\/290\/revisions"}],"predecessor-version":[{"id":806,"href":"https:\/\/eclaire-nos-trames.fr\/index.php?rest_route=\/wp\/v2\/pages\/290\/revisions\/806"}],"wp:featuredmedia":[{"embeddable":true,"href":"https:\/\/eclaire-nos-trames.fr\/index.php?rest_route=\/wp\/v2\/media\/253"}],"wp:attachment":[{"href":"https:\/\/eclaire-nos-trames.fr\/index.php?rest_route=%2Fwp%2Fv2%2Fmedia&parent=290"}],"curies":[{"name":"wp","href":"https:\/\/api.w.org\/{rel}","templated":true}]}}