{"id":28,"date":"2021-11-03T23:50:25","date_gmt":"2021-11-03T23:50:25","guid":{"rendered":"http:\/\/eclaire-nos-trames.fr\/?page_id=28"},"modified":"2022-03-08T11:40:36","modified_gmt":"2022-03-08T10:40:36","slug":"bonjour","status":"publish","type":"page","link":"https:\/\/eclaire-nos-trames.fr\/","title":{"rendered":"Eclairer notre \u00e2me, avec soin et chaleur"},"content":{"rendered":"\n<blockquote class=\"wp-block-quote has-text-align-center is-layout-flow wp-block-quote-is-layout-flow\"><p><em>Prendre soin de nos liens \u00e0 travers les sens du toucher, du mouvement et de l&rsquo;\u00e9coute<\/em><\/p><\/blockquote>\n\n\n\n<h1 class=\"has-text-align-center wp-block-heading\" id=\"chaleur-et-massage\"><strong><a href=\"https:\/\/eclaire-nos-trames.fr\/?page_id=321\" data-type=\"page\" data-id=\"321\">Chaleur et massage<\/a><\/strong><\/h1>\n\n\n\n<div class=\"wp-block-image is-style-rounded\"><figure class=\"aligncenter size-full\"><img loading=\"lazy\" decoding=\"async\" width=\"1024\" height=\"682\" src=\"http:\/\/eclaire-nos-trames.fr\/wp-content\/uploads\/2022\/01\/cd5cdcf0-6003-46bb-bf7b-fe37578bf09e.jpg\" alt=\"\" class=\"wp-image-213\" srcset=\"https:\/\/eclaire-nos-trames.fr\/wp-content\/uploads\/2022\/01\/cd5cdcf0-6003-46bb-bf7b-fe37578bf09e.jpg 1024w, https:\/\/eclaire-nos-trames.fr\/wp-content\/uploads\/2022\/01\/cd5cdcf0-6003-46bb-bf7b-fe37578bf09e-300x200.jpg 300w, https:\/\/eclaire-nos-trames.fr\/wp-content\/uploads\/2022\/01\/cd5cdcf0-6003-46bb-bf7b-fe37578bf09e-768x512.jpg 768w\" sizes=\"auto, (max-width: 767px) 89vw, (max-width: 1000px) 54vw, (max-width: 1071px) 543px, 580px\" \/><figcaption>Massage du dos<\/figcaption><\/figure><\/div>\n\n\n\n<p class=\"has-text-align-center\" style=\"line-height:0\"><\/p>\n\n\n\n<p class=\"has-text-align-center\" style=\"line-height:0\"><em>Se sentir accueilli,<\/em><\/p>\n\n\n\n<p class=\"has-text-align-center\" style=\"line-height:0\"><em>Avec confiance, se poser dans l&rsquo;ici<\/em><\/p>\n\n\n\n<p class=\"has-text-align-center\" style=\"line-height:0\"><em> et maintenant.<\/em><\/p>\n\n\n\n<p class=\"has-text-align-center\" style=\"line-height:0\"><em>Oser ce ralenti, aller jusqu&rsquo;\u00e0 se<\/em><\/p>\n\n\n\n<p class=\"has-text-align-center\" style=\"line-height:0\"><em> d\u00e9poser; <\/em><\/p>\n\n\n\n<p class=\"has-text-align-center\" style=\"line-height:0\"><em>Et se laisser envelopper<\/em><\/p>\n\n\n\n<p class=\"has-text-align-center\" style=\"line-height:0\"><em>par la chaleur de la laine, par les<\/em><\/p>\n\n\n\n<p class=\"has-text-align-center\" style=\"line-height:0\"><em> onctions \u00e0 l&rsquo;huile florale<\/em>:<\/p>\n\n\n\n<p class=\"has-text-align-center\" style=\"line-height:0\"><em>Les tensions physiques et psychiques<\/em><\/p>\n\n\n\n<p class=\"has-text-align-center\" style=\"line-height:0\"><em> ont l&rsquo;espace et le temps <\/em><\/p>\n\n\n\n<p class=\"has-text-align-center\" style=\"line-height:0\"><em>de se lib\u00e9rer patiemment.<\/em><\/p>\n\n\n\n<h1 class=\"has-text-align-center wp-block-heading\" id=\"mouvement-et-souffle\"><strong><a href=\"https:\/\/eclaire-nos-trames.fr\/?page_id=152\" data-type=\"page\" data-id=\"152\">Mouvement et souffle<\/a><\/strong><\/h1>\n\n\n\n<p><\/p>\n\n\n\n<figure class=\"wp-block-image size-large is-style-rounded\"><img loading=\"lazy\" decoding=\"async\" width=\"1024\" height=\"683\" src=\"http:\/\/eclaire-nos-trames.fr\/wp-content\/uploads\/2021\/11\/IMG_9034-1024x683.jpg\" alt=\"\" class=\"wp-image-101\" srcset=\"https:\/\/eclaire-nos-trames.fr\/wp-content\/uploads\/2021\/11\/IMG_9034-1024x683.jpg 1024w, https:\/\/eclaire-nos-trames.fr\/wp-content\/uploads\/2021\/11\/IMG_9034-300x200.jpg 300w, https:\/\/eclaire-nos-trames.fr\/wp-content\/uploads\/2021\/11\/IMG_9034-768x512.jpg 768w, https:\/\/eclaire-nos-trames.fr\/wp-content\/uploads\/2021\/11\/IMG_9034-1536x1024.jpg 1536w, https:\/\/eclaire-nos-trames.fr\/wp-content\/uploads\/2021\/11\/IMG_9034-2048x1365.jpg 2048w\" sizes=\"auto, (max-width: 767px) 89vw, (max-width: 1000px) 54vw, (max-width: 1071px) 543px, 580px\" \/><figcaption>Mouvement sensible<\/figcaption><\/figure>\n\n\n\n<p class=\"has-text-align-center\" style=\"line-height:0\"><\/p>\n\n\n\n<p class=\"has-text-align-center\"><em>R\u00e9v\u00e9ler \u00e0 partir d\u2019un souffle, le microcosme et son double.<br>S\u2019unifier au pr\u00e9sent en \u00e9coutant ses perceptions et en recevant l\u2019autre.<br>Ne rien s\u2019accaparer. Mais condenser jusqu\u2019au carmin,<br>Seulement si n\u00e9cessaire.<br>Traverser, se laisser traverser et r\u00e9agir.<br>Reconna\u00eetre avec intensit\u00e9, se co-nna\u00eetre jusque sous la peau.<br>Et broder, \u00e0 chaque pas, une danse,<br>comme une renaissance.<\/em><\/p>\n\n\n\n<h1 class=\"has-text-align-center wp-block-heading\" id=\"ecoute-et-biographie\"><strong><a href=\"https:\/\/eclaire-nos-trames.fr\/?page_id=145\" data-type=\"page\" data-id=\"145\">Ecoute et biographie<\/a><\/strong><\/h1>\n\n\n\n<figure class=\"wp-block-image size-large is-style-rounded\"><img loading=\"lazy\" decoding=\"async\" width=\"1024\" height=\"682\" src=\"http:\/\/eclaire-nos-trames.fr\/wp-content\/uploads\/2021\/12\/f350ef35-ab97-4334-96f9-745c44ad4d1a-1024x682.jpg\" alt=\"\" class=\"wp-image-177\" srcset=\"https:\/\/eclaire-nos-trames.fr\/wp-content\/uploads\/2021\/12\/f350ef35-ab97-4334-96f9-745c44ad4d1a-1024x682.jpg 1024w, https:\/\/eclaire-nos-trames.fr\/wp-content\/uploads\/2021\/12\/f350ef35-ab97-4334-96f9-745c44ad4d1a-300x200.jpg 300w, https:\/\/eclaire-nos-trames.fr\/wp-content\/uploads\/2021\/12\/f350ef35-ab97-4334-96f9-745c44ad4d1a-768x512.jpg 768w, https:\/\/eclaire-nos-trames.fr\/wp-content\/uploads\/2021\/12\/f350ef35-ab97-4334-96f9-745c44ad4d1a-1536x1024.jpg 1536w, https:\/\/eclaire-nos-trames.fr\/wp-content\/uploads\/2021\/12\/f350ef35-ab97-4334-96f9-745c44ad4d1a-2048x1365.jpg 2048w\" sizes=\"auto, (max-width: 767px) 89vw, (max-width: 1000px) 54vw, (max-width: 1071px) 543px, 580px\" \/><figcaption>Accompagnement biographique<\/figcaption><\/figure>\n\n\n\n<p class=\"has-text-align-center\" style=\"line-height:0\"><em>Se Nommer.  <\/em><\/p>\n\n\n\n<p class=\"has-text-align-center\" style=\"line-height:0\"><em>Nommer ce qui est indicible.&nbsp; <\/em><\/p>\n\n\n\n<p class=\"has-text-align-center\" style=\"line-height:0\"><em>Se souvenir de Qui on Est. <\/em><\/p>\n\n\n\n<p class=\"has-text-align-center\" style=\"line-height:0\"><em>Comment est-ce possible&nbsp;?<\/em><\/p>\n\n\n\n<p class=\"has-text-align-center\" style=\"line-height:0\"><em>Pour r\u00e9aliser Qui on Est. <\/em><\/p>\n\n\n\n<p class=\"has-text-align-center\" style=\"line-height:0\"><em>Au-del\u00e0 du dire, Agir concr\u00e8tement. <\/em><\/p>\n\n\n\n<p class=\"has-text-align-center\" style=\"line-height:0\"><em>R\u00e9int\u00e9grer ces possible<\/em>s <em>comme<\/em><\/p>\n\n\n\n<p class=\"has-text-align-center\" style=\"line-height:0\"><em> autant<\/em><\/p>\n\n\n\n<p class=\"has-text-align-center\" style=\"line-height:0\">de ressour<em>ces qui ne demandent qu\u2019\u00e0<\/em><\/p>\n\n\n\n<p class=\"has-text-align-center\" style=\"line-height:0\"><em> se rendre disponibles&nbsp;;<\/em><\/p>\n\n\n\n<p class=\"has-text-align-center\" style=\"line-height:0\"><em>  Et si R\u00e9unifier <\/em><\/p>\n\n\n\n<p class=\"has-text-align-center\" style=\"line-height:0\"><em>pass\u00e9, pr\u00e9sent et avenir,<\/em><\/p>\n\n\n\n<p class=\"has-text-align-center\" style=\"line-height:0\">permettrai de <em>retrouver l\u2019amour de Soi en<\/em><\/p>\n\n\n\n<p class=\"has-text-align-center\" style=\"line-height:0\"><em> toute libert\u00e9?<\/em><\/p>\n\n\n\n<p class=\"has-text-align-center\" style=\"line-height:0\"><em> <\/em><\/p>\n\n\n\n<p class=\"has-text-align-center\"><\/p>\n\n\n\n<p><\/p>\n\n\n\n<p class=\"has-text-align-center\"><\/p>\n\n\n\n<p><\/p>\n","protected":false},"excerpt":{"rendered":"<p>Prendre soin de nos liens \u00e0 travers les sens du toucher, du mouvement et de l&rsquo;\u00e9coute Chaleur et massage Se sentir accueilli, Avec confiance, se poser dans l&rsquo;ici et maintenant. Oser ce ralenti, aller jusqu&rsquo;\u00e0 se d\u00e9poser; Et se laisser envelopper par la chaleur de la laine, par les onctions \u00e0 l&rsquo;huile florale: Les tensions &hellip; <\/p>\n<p class=\"link-more\"><a href=\"https:\/\/eclaire-nos-trames.fr\/\" class=\"more-link\">Continuer la lecture<span class=\"screen-reader-text\"> de &laquo;&nbsp;Eclairer notre \u00e2me, avec soin et chaleur&nbsp;&raquo;<\/span><\/a><\/p>\n","protected":false},"author":1,"featured_media":0,"parent":0,"menu_order":0,"comment_status":"closed","ping_status":"closed","template":"","meta":{"_monsterinsights_skip_tracking":false,"_monsterinsights_sitenote_active":false,"_monsterinsights_sitenote_note":"","_monsterinsights_sitenote_category":0,"footnotes":""},"class_list":["post-28","page","type-page","status-publish","hentry"],"aioseo_notices":[],"_links":{"self":[{"href":"https:\/\/eclaire-nos-trames.fr\/index.php?rest_route=\/wp\/v2\/pages\/28","targetHints":{"allow":["GET"]}}],"collection":[{"href":"https:\/\/eclaire-nos-trames.fr\/index.php?rest_route=\/wp\/v2\/pages"}],"about":[{"href":"https:\/\/eclaire-nos-trames.fr\/index.php?rest_route=\/wp\/v2\/types\/page"}],"author":[{"embeddable":true,"href":"https:\/\/eclaire-nos-trames.fr\/index.php?rest_route=\/wp\/v2\/users\/1"}],"replies":[{"embeddable":true,"href":"https:\/\/eclaire-nos-trames.fr\/index.php?rest_route=%2Fwp%2Fv2%2Fcomments&post=28"}],"version-history":[{"count":52,"href":"https:\/\/eclaire-nos-trames.fr\/index.php?rest_route=\/wp\/v2\/pages\/28\/revisions"}],"predecessor-version":[{"id":730,"href":"https:\/\/eclaire-nos-trames.fr\/index.php?rest_route=\/wp\/v2\/pages\/28\/revisions\/730"}],"wp:attachment":[{"href":"https:\/\/eclaire-nos-trames.fr\/index.php?rest_route=%2Fwp%2Fv2%2Fmedia&parent=28"}],"curies":[{"name":"wp","href":"https:\/\/api.w.org\/{rel}","templated":true}]}}