{"id":152,"date":"2021-11-23T13:30:03","date_gmt":"2021-11-23T13:30:03","guid":{"rendered":"https:\/\/eclaire-nos-trames.fr\/?page_id=152"},"modified":"2025-09-15T23:28:41","modified_gmt":"2025-09-15T21:28:41","slug":"art-du-mouvement","status":"publish","type":"page","link":"https:\/\/eclaire-nos-trames.fr\/?page_id=152","title":{"rendered":"Mouvement &#038; souffle"},"content":{"rendered":"\n<blockquote class=\"wp-block-quote has-text-align-center is-layout-flow wp-block-quote-is-layout-flow\">\n<p>\u00ab\u00a0Dans la respiration, il y a deux gr\u00e2ces : aspirer l&rsquo;air puis s&rsquo;en d\u00e9livrer; L&rsquo;une oppresse, l&rsquo;autre soulage. Voici la vie et son merveilleux m\u00e9lange! Remercie Dieu lorsqu&rsquo;Il te presse, et remercie Le lorsqu&rsquo;il te laisse.\u00a0\u00bb <\/p>\n<cite>Goethe<\/cite><\/blockquote>\n\n\n<div class=\"wp-block-image is-style-rounded\">\n<figure class=\"aligncenter size-large is-resized\"><img loading=\"lazy\" decoding=\"async\" width=\"1709\" height=\"2560\" src=\"https:\/\/eclaire-nos-trames.fr\/wp-content\/uploads\/2022\/10\/IMG_8937-edited-scaled.jpg\" alt=\"\" class=\"wp-image-669\" style=\"width:342px\" srcset=\"https:\/\/eclaire-nos-trames.fr\/wp-content\/uploads\/2022\/10\/IMG_8937-edited-scaled.jpg 1709w, https:\/\/eclaire-nos-trames.fr\/wp-content\/uploads\/2022\/10\/IMG_8937-edited-200x300.jpg 200w, https:\/\/eclaire-nos-trames.fr\/wp-content\/uploads\/2022\/10\/IMG_8937-edited-684x1024.jpg 684w, https:\/\/eclaire-nos-trames.fr\/wp-content\/uploads\/2022\/10\/IMG_8937-edited-768x1150.jpg 768w, https:\/\/eclaire-nos-trames.fr\/wp-content\/uploads\/2022\/10\/IMG_8937-edited-1025x1536.jpg 1025w, https:\/\/eclaire-nos-trames.fr\/wp-content\/uploads\/2022\/10\/IMG_8937-edited-1367x2048.jpg 1367w\" sizes=\"auto, (max-width: 767px) 89vw, (max-width: 1000px) 54vw, (max-width: 1071px) 543px, 580px\" \/><\/figure>\n<\/div>\n\n\n<p class=\"has-text-align-center\"><em>Du mouvement na\u00eet la vie.<\/em><\/p>\n\n\n\n<p class=\"has-text-align-center\"><em> Dans notre quotidien, nous sommes invit\u00e9s \u00e0 incarner chacun de nos gestes. De l\u00e0, il n&rsquo;y a qu&rsquo;un pas \u00e0 danser joyeusement la trame de sa vie.  <\/em><\/p>\n\n\n\n<p class=\"has-text-align-center\"><em>Enrichir sa palette gestuelle, l\u2019affiner, la sensibiliser, l\u2019\u00e9lancer ou la retenir.<\/em><\/p>\n\n\n\n<p class=\"has-text-align-center\"><em>Entrer dans la flamboyance de sa puissance ou caresser sa d\u00e9licatesse, tracer en grand ou chuchoter l\u2019infime, oser d\u00e9voiler \u00e0 son \u00e2me la richesse de son danseur int\u00e9rieur.<\/em><\/p>\n\n\n\n<figure class=\"wp-block-image size-full is-style-rounded\"><img loading=\"lazy\" decoding=\"async\" width=\"1024\" height=\"682\" src=\"http:\/\/eclaire-nos-trames.fr\/wp-content\/uploads\/2022\/01\/e3e7ed79-394f-46a0-8e9c-cdc83ea0a46e.jpg\" alt=\"\" class=\"wp-image-203\" srcset=\"https:\/\/eclaire-nos-trames.fr\/wp-content\/uploads\/2022\/01\/e3e7ed79-394f-46a0-8e9c-cdc83ea0a46e.jpg 1024w, https:\/\/eclaire-nos-trames.fr\/wp-content\/uploads\/2022\/01\/e3e7ed79-394f-46a0-8e9c-cdc83ea0a46e-300x200.jpg 300w, https:\/\/eclaire-nos-trames.fr\/wp-content\/uploads\/2022\/01\/e3e7ed79-394f-46a0-8e9c-cdc83ea0a46e-768x512.jpg 768w\" sizes=\"auto, (max-width: 767px) 89vw, (max-width: 1000px) 54vw, (max-width: 1071px) 543px, 580px\" \/><\/figure>\n\n\n\n<p class=\"has-text-align-center\">Par le Yoga, par la Danse ou par l&rsquo;approche de l&rsquo;Eurythmie, en s\u00e9ance individuelle, en atelier, ou en stage, red\u00e9couvrir, se r\u00e9approprier l&rsquo;essence de son mouvement,  son rythme propre, l&rsquo;\u00e9toffer et en jouer, en marchant ou en silence, et s&rsquo;y inviter jour apr\u00e8s jour afin de laisser le flux de la vie nous traverser.<\/p>\n\n\n\n<figure class=\"wp-block-image size-large is-resized is-style-rounded\"><img loading=\"lazy\" decoding=\"async\" width=\"1024\" height=\"683\" src=\"http:\/\/eclaire-nos-trames.fr\/wp-content\/uploads\/2022\/01\/be61e148-b1b0-4e87-836c-d2cb1a2160b9-1024x683.jpg\" alt=\"\" class=\"wp-image-246\" style=\"aspect-ratio:1.504739336492891;width:551px;height:auto\" srcset=\"https:\/\/eclaire-nos-trames.fr\/wp-content\/uploads\/2022\/01\/be61e148-b1b0-4e87-836c-d2cb1a2160b9-1024x683.jpg 1024w, https:\/\/eclaire-nos-trames.fr\/wp-content\/uploads\/2022\/01\/be61e148-b1b0-4e87-836c-d2cb1a2160b9-300x200.jpg 300w, https:\/\/eclaire-nos-trames.fr\/wp-content\/uploads\/2022\/01\/be61e148-b1b0-4e87-836c-d2cb1a2160b9-768x512.jpg 768w, https:\/\/eclaire-nos-trames.fr\/wp-content\/uploads\/2022\/01\/be61e148-b1b0-4e87-836c-d2cb1a2160b9-1536x1024.jpg 1536w, https:\/\/eclaire-nos-trames.fr\/wp-content\/uploads\/2022\/01\/be61e148-b1b0-4e87-836c-d2cb1a2160b9-2048x1366.jpg 2048w\" sizes=\"auto, (max-width: 767px) 89vw, (max-width: 1000px) 54vw, (max-width: 1071px) 543px, 580px\" \/><\/figure>\n\n\n\n<h1 class=\"wp-block-heading\" id=\"propositions-d-ateliers-et-stages\">Propositions de Cours, d&rsquo;Ateliers et Stages<\/h1>\n\n\n\n<h2 class=\"wp-block-heading\">Cours de Yoga et Cours d&rsquo;Eurythmie-Yoga \u00e0 Moli\u00e8res<\/h2>\n\n\n\n<p>J&rsquo;ai d\u00e9couvert le Yoga \u00e0 l&rsquo;\u00e2ge de 15 ans. J&rsquo;ai pratiqu\u00e9 avec passion et assiduit\u00e9 diverses formes de yoga, telles que le Yoga Iyengar, l&rsquo;Ashtanga Yoga, le Hatha Yoga et le Yin Yoga.<\/p>\n\n\n\n<p>Comme professeur de Hatha Yoga \u00e0 l&rsquo;\u00e9cole de Yoga de Mysore \u00e0 Lyon, en s\u00e9ance individuelle \u00e0 domicile \u00e0 Rabat au Maroc, et en cours collectif d&rsquo;Ashtanga Yoga au Conservatoire National Sup\u00e9rieur Musique et Danse de Lyon, ces exp\u00e9riences m&rsquo;ont permis d&rsquo;adapter mon enseignement \u00e0 des publics vari\u00e9s. Depuis, je personnalise mes cours de yoga, en fonction des \u00e9l\u00e8ves, de la demande et de la dur\u00e9e. Ils sont ax\u00e9s sur la posture, le souffle, l&rsquo;ancrage et l&rsquo;accueil de Ce qui est pr\u00e9sent. Ils peuvent \u00eatre tr\u00e8s dynamiques et ou au contraire tr\u00e8s doux et lents.<\/p>\n\n\n\n<p>Les cours de yoga ax\u00e9s sur les postures et\/ou le souffle sont collectifs, individuels en pr\u00e9sentiel ou par visio.<\/p>\n\n\n\n<p><strong>Cours d&rsquo;Eurythmie*-Yoga <strong>\u00e0 la salle communale de Moli\u00e8res<\/strong><\/strong>, <strong>tous les mardis de 10h \u00e0 11h15, hors vacances scolaire.<\/strong> Ils sont ouverts \u00e0 Tous, aux praticiens avanc\u00e9s tout comme aux d\u00e9butants. Dans ce cours, nous explorons la conscience du souffle, \u00e0 l&rsquo;espace, \u00e0 ses sensations corporelles, \u00e0 l&rsquo;espace de l&rsquo;autre, nous d\u00e9veloppons l&rsquo;\u00e9coute de son rythme propre et nous apprenons \u00e0 nous accorder au rythme du groupe&#8230; Les cours se terminent par un temps de retour \u00e0 soi qui permet d&rsquo;assimiler ce qui a \u00e9t\u00e9 travers\u00e9.<\/p>\n\n\n\n<p>T\u00e9moignage :<\/p>\n\n\n\n<blockquote class=\"wp-block-quote is-layout-flow wp-block-quote-is-layout-flow\">\n<p>\u00ab\u00a0<em>Apr\u00e8s avoir eu la chance de conna\u00eetre Johana lors d\u2019un cours de yoga en semaine de je\u00fbne, j\u2019ai approfondi ma respiration lors d\u2019une s\u00e9ance d\u2019une heure en visioconf\u00e9rence.<br>La d\u00e9couverte de la respiration profonde a \u00e9t\u00e9 le chemin vers une sensation tout \u00e0 fait inconnue pour moi.<br>J\u2019ai exp\u00e9riment\u00e9 un v\u00e9ritable lien entre le corps et l\u2019esprit, source de meilleure connexion avec moi-m\u00eame.<br>Les b\u00e9n\u00e9fices sont nombreux :<br>\u2013 Au quotidien : prise de recul g\u00e9n\u00e9ral, ralentissement de la pens\u00e9e, accueil de moi-m\u00eame<br>\u2013 Pratique du Yoga : postures plus d\u00e9tendues, assouplissements plus profonds, meilleure maitrise de l\u2019\u00e9quilibre<br>\u2013 Vie de couple : intimit\u00e9 plus profonde, plus connect\u00e9e, plus d\u00e9tendue<br>La tr\u00e8s grande exp\u00e9rience de Johana permet de b\u00e9n\u00e9ficier d\u2019un enseignement adapt\u00e9 \u00e0 son propre chemin de vie, au moment o\u00f9 l\u2019on d\u00e9cide qu\u2019avancer est une n\u00e9cessit\u00e9.<\/em>\u00a0\u00bb Pierre &#8211; 2025<\/p>\n<\/blockquote>\n\n\n\n<p><strong>DEBUT DES COURS &#8211; RENTREE 2025 : 23 SEPTEMBRE!!!!<\/strong><\/p>\n\n\n\n<p>Calendrier et tarifs des cours collectifs \u00e0 Moli\u00e8res :<\/p>\n\n\n\n<figure class=\"wp-block-image size-large\"><img loading=\"lazy\" decoding=\"async\" width=\"1024\" height=\"576\" src=\"https:\/\/eclaire-nos-trames.fr\/wp-content\/uploads\/2025\/07\/Johana_Yoga_Tarifs-2025-2026-1024x576.jpg\" alt=\"\" class=\"wp-image-801\" srcset=\"https:\/\/eclaire-nos-trames.fr\/wp-content\/uploads\/2025\/07\/Johana_Yoga_Tarifs-2025-2026-1024x576.jpg 1024w, https:\/\/eclaire-nos-trames.fr\/wp-content\/uploads\/2025\/07\/Johana_Yoga_Tarifs-2025-2026-300x169.jpg 300w, https:\/\/eclaire-nos-trames.fr\/wp-content\/uploads\/2025\/07\/Johana_Yoga_Tarifs-2025-2026-768x432.jpg 768w, https:\/\/eclaire-nos-trames.fr\/wp-content\/uploads\/2025\/07\/Johana_Yoga_Tarifs-2025-2026.jpg 1280w\" sizes=\"auto, (max-width: 767px) 89vw, (max-width: 1000px) 54vw, (max-width: 1071px) 543px, 580px\" \/><\/figure>\n\n\n\n<figure class=\"wp-block-image size-large\"><img loading=\"lazy\" decoding=\"async\" width=\"1024\" height=\"653\" src=\"https:\/\/eclaire-nos-trames.fr\/wp-content\/uploads\/2021\/11\/Royaumont-jo-1024x653.jpg\" alt=\"\" class=\"wp-image-70\" srcset=\"https:\/\/eclaire-nos-trames.fr\/wp-content\/uploads\/2021\/11\/Royaumont-jo-1024x653.jpg 1024w, https:\/\/eclaire-nos-trames.fr\/wp-content\/uploads\/2021\/11\/Royaumont-jo-300x191.jpg 300w, https:\/\/eclaire-nos-trames.fr\/wp-content\/uploads\/2021\/11\/Royaumont-jo-768x490.jpg 768w, https:\/\/eclaire-nos-trames.fr\/wp-content\/uploads\/2021\/11\/Royaumont-jo-1536x980.jpg 1536w, https:\/\/eclaire-nos-trames.fr\/wp-content\/uploads\/2021\/11\/Royaumont-jo-2048x1307.jpg 2048w\" sizes=\"auto, (max-width: 767px) 89vw, (max-width: 1000px) 54vw, (max-width: 1071px) 543px, 580px\" \/><\/figure>\n\n\n\n<h2 class=\"wp-block-heading\" id=\"atelier-d-eurythmie-hebdomadaire\">D\u00e9couverte de l&rsquo;Eurythmie*<\/h2>\n\n\n\n<p class=\"has-text-align-left\">Cet Art du mouvement est n\u00e9 dans les ann\u00e9es 1910. Derri\u00e8re chaque geste, avant chaque mouvement, il y a une intention \u00e0 la fois pens\u00e9e et ressentie. Des qualit\u00e9s des intentions, les membres se meuvent et s&rsquo;inscrivent dans un rythme vivifiant, m\u00e9ditatif, musical. De l&rsquo;intention et du rythme na\u00eet une forme \u00ab\u00a0tiss\u00e9e d&rsquo;air et de lumi\u00e8re\u00a0\u00bb. Chaque forme \u0153uvre en lien avec une sonorit\u00e9, une valeur morale, un geste d&rsquo;\u00e2me, une tonalit\u00e9 musicale&#8230;Inspir\u00e9e par l&rsquo;harmonie des sph\u00e8res, l&rsquo;Eurythmie en groupe peut jouer \u00e0 r\u00e9v\u00e9ler les orbes des plan\u00e8tes et exprime un Nouvel Art Social. Il y a plusieurs approches sp\u00e9cifiques de l&rsquo;Eurythmie : l&rsquo;Eurythmie artistique, l&rsquo;Eurythmie musicale, l&rsquo;Eurythmie p\u00e9dagogique, l&rsquo;Eurythmie curative&#8230;<\/p>\n\n\n\n<p>Atelier \u00e0 la demande.  A partir de 6 personnes.<\/p>\n\n\n\n<figure class=\"wp-block-image size-full is-style-rounded\"><img loading=\"lazy\" decoding=\"async\" width=\"1024\" height=\"682\" src=\"http:\/\/eclaire-nos-trames.fr\/wp-content\/uploads\/2022\/01\/f195b820-29e9-4266-80e7-6cf2a6831c22.jpg\" alt=\"\" class=\"wp-image-251\" srcset=\"https:\/\/eclaire-nos-trames.fr\/wp-content\/uploads\/2022\/01\/f195b820-29e9-4266-80e7-6cf2a6831c22.jpg 1024w, https:\/\/eclaire-nos-trames.fr\/wp-content\/uploads\/2022\/01\/f195b820-29e9-4266-80e7-6cf2a6831c22-300x200.jpg 300w, https:\/\/eclaire-nos-trames.fr\/wp-content\/uploads\/2022\/01\/f195b820-29e9-4266-80e7-6cf2a6831c22-768x512.jpg 768w\" sizes=\"auto, (max-width: 767px) 89vw, (max-width: 1000px) 54vw, (max-width: 1071px) 543px, 580px\" \/><\/figure>\n\n\n\n<h2 class=\"wp-block-heading\" id=\"initiation-a-la-danse-contact-cours-hebdomadaire\">Initiation \u00e0 la danse-contact<\/h2>\n\n\n\n<p>Durant mon parcours de danseuse professionnelle, j&rsquo;ai exp\u00e9riment\u00e9 de multiple fa\u00e7ons la danse \u00e0 plusieurs; En duo, trio, quatuor, en m\u00e9langeant les disciplines artistiques et les artistes : musiciens, plasticiens, com\u00e9diens, chanteurs&#8230; Une forme de danse que j&rsquo;appr\u00e9ciais particuli\u00e8rement \u00e0 vivre et \u00e0 transmettre est la danse-contact. C&rsquo;est une technique de mouvement initi\u00e9e par Steve Paxton dans les ann\u00e9es 1970 qui interroge l&#8217;empathie kinesth\u00e9sique et qui n&rsquo;a pas de vis\u00e9e esth\u00e9tique.<\/p>\n\n\n\n<p>Elle est accessible \u00e0 tous, quel que soit son \u00e2ge, sa profession. Il n&rsquo;est pas n\u00e9cessaire d&rsquo;\u00eatre \u00ab\u00a0souple\u00a0\u00bb ou musical. La condition c&rsquo;est d&rsquo;\u00eatre ouvert \u00e0 la rencontre. Et d&rsquo;accepter le contact avec un autre.  C&rsquo;est dans le flux et le reflux du  \u00a0\u00bb donner et du recevoir\u00a0\u00bb que la rencontre a lieu. Les mouvements initi\u00e9s par l&rsquo;un et l&rsquo;autre des partenaires maintiennent leur attention dans l&rsquo;ici et maintenant. C&rsquo;est une sorte de m\u00e9ditation \u00e0 deux, en mouvement.<\/p>\n\n\n\n<p>\u00ab\u00a0Steve Paxton l\u2019affirme lui-m\u00eame lors d\u2019une interview en 1977: \u201cle Contact Improvisation n\u2019est pas un art-martial. (\u2026) Sa philosophie d\u2019enseignement est une philosophie de la douceur, o\u00f9 l\u2019on admet qu\u2019apprendre peut \u00eatre joyeux (\u2026) La douceur est-elle un moyen suffisant pour apaiser les ardeurs et pour montrer \u00e0 l\u2019enseignant comme aux \u00e9tudiants o\u00f9 trouver un centre calme et \u00e9quilibr\u00e9, pour oblit\u00e9rer le \u201cje\u201d hi\u00e9rarchique (invitation \u00e0 la guerre, Atlas contre Hercule) et pour exposer le Nous que nous formons ensemble avec les forces qui nous traversent\u201d (Paxton 1977, pp. 6-7 \u2013 cit\u00e9 dans Big\u00e9 2016).\u00a0\u00bb<\/p>\n\n\n\n<p>Atelier \u00e0 la demande. A partir de 6 personnes<\/p>\n\n\n\n<p><\/p>\n\n\n\n<p><\/p>\n\n\n\n<figure class=\"wp-block-image size-large is-style-rounded\"><img loading=\"lazy\" decoding=\"async\" width=\"1024\" height=\"683\" src=\"http:\/\/eclaire-nos-trames.fr\/wp-content\/uploads\/2022\/01\/31eec732-685d-4419-8dd0-526fc2cc5a6a-1024x683.jpg\" alt=\"\" class=\"wp-image-241\" srcset=\"https:\/\/eclaire-nos-trames.fr\/wp-content\/uploads\/2022\/01\/31eec732-685d-4419-8dd0-526fc2cc5a6a-1024x683.jpg 1024w, https:\/\/eclaire-nos-trames.fr\/wp-content\/uploads\/2022\/01\/31eec732-685d-4419-8dd0-526fc2cc5a6a-300x200.jpg 300w, https:\/\/eclaire-nos-trames.fr\/wp-content\/uploads\/2022\/01\/31eec732-685d-4419-8dd0-526fc2cc5a6a-768x512.jpg 768w, https:\/\/eclaire-nos-trames.fr\/wp-content\/uploads\/2022\/01\/31eec732-685d-4419-8dd0-526fc2cc5a6a-1536x1024.jpg 1536w, https:\/\/eclaire-nos-trames.fr\/wp-content\/uploads\/2022\/01\/31eec732-685d-4419-8dd0-526fc2cc5a6a-2048x1366.jpg 2048w\" sizes=\"auto, (max-width: 767px) 89vw, (max-width: 1000px) 54vw, (max-width: 1071px) 543px, 580px\" \/><\/figure>\n\n\n\n<p><\/p>\n\n\n\n<p><\/p>\n\n\n\n<h1 class=\"wp-block-heading has-text-align-center\" id=\"stage-mouvement-et-nature-printemps-2022-19-20-21-et-22-mai\"><strong><a data-type=\"page\" data-id=\"290\" href=\"https:\/\/eclaire-nos-trames.fr\/?page_id=290\">Stage<\/a> Mouvement et Nature<\/strong> <\/h1>\n\n\n\n<h1 class=\"wp-block-heading has-text-align-center\" id=\"stage-mouvement-et-nature-printemps-2022-19-20-21-et-22-mai\">\u00ab\u00a0Du connu \u00e0 l&rsquo;inconnu\u00a0\u00bb<\/h1>\n\n\n<div class=\"wp-block-image is-style-rounded\">\n<figure class=\"aligncenter size-large\"><img loading=\"lazy\" decoding=\"async\" width=\"1024\" height=\"682\" src=\"http:\/\/eclaire-nos-trames.fr\/wp-content\/uploads\/2022\/01\/99a32b2e-4f42-4eee-b200-60d73b8fb673-1024x682.jpg\" alt=\"\" class=\"wp-image-395\" srcset=\"https:\/\/eclaire-nos-trames.fr\/wp-content\/uploads\/2022\/01\/99a32b2e-4f42-4eee-b200-60d73b8fb673-1024x682.jpg 1024w, https:\/\/eclaire-nos-trames.fr\/wp-content\/uploads\/2022\/01\/99a32b2e-4f42-4eee-b200-60d73b8fb673-300x200.jpg 300w, https:\/\/eclaire-nos-trames.fr\/wp-content\/uploads\/2022\/01\/99a32b2e-4f42-4eee-b200-60d73b8fb673-768x512.jpg 768w, https:\/\/eclaire-nos-trames.fr\/wp-content\/uploads\/2022\/01\/99a32b2e-4f42-4eee-b200-60d73b8fb673-1536x1024.jpg 1536w, https:\/\/eclaire-nos-trames.fr\/wp-content\/uploads\/2022\/01\/99a32b2e-4f42-4eee-b200-60d73b8fb673-2048x1365.jpg 2048w\" sizes=\"auto, (max-width: 767px) 89vw, (max-width: 1000px) 54vw, (max-width: 1071px) 543px, 580px\" \/><\/figure>\n<\/div>\n\n\n<p class=\"has-text-align-center\">avec C\u00e9line Marty*<\/p>\n\n\n\n<p class=\"has-text-align-center\"><\/p>\n\n\n\n<p class=\"has-text-align-center\"><\/p>\n\n\n\n<p class=\"has-text-align-center\"><\/p>\n\n\n\n<p class=\"has-text-align-center\"><\/p>\n","protected":false},"excerpt":{"rendered":"<p>\u00ab\u00a0Dans la respiration, il y a deux gr\u00e2ces : aspirer l&rsquo;air puis s&rsquo;en d\u00e9livrer; L&rsquo;une oppresse, l&rsquo;autre soulage. Voici la vie et son merveilleux m\u00e9lange! Remercie Dieu lorsqu&rsquo;Il te presse, et remercie Le lorsqu&rsquo;il te laisse.\u00a0\u00bb Goethe Du mouvement na\u00eet la vie. Dans notre quotidien, nous sommes invit\u00e9s \u00e0 incarner chacun de nos gestes. De &hellip; <\/p>\n<p class=\"link-more\"><a href=\"https:\/\/eclaire-nos-trames.fr\/?page_id=152\" class=\"more-link\">Continuer la lecture<span class=\"screen-reader-text\"> de &laquo;&nbsp;Mouvement &#038; souffle&nbsp;&raquo;<\/span><\/a><\/p>\n","protected":false},"author":1,"featured_media":0,"parent":0,"menu_order":0,"comment_status":"closed","ping_status":"closed","template":"","meta":{"_monsterinsights_skip_tracking":false,"_monsterinsights_sitenote_active":false,"_monsterinsights_sitenote_note":"","_monsterinsights_sitenote_category":0,"footnotes":""},"class_list":["post-152","page","type-page","status-publish","hentry"],"aioseo_notices":[],"_links":{"self":[{"href":"https:\/\/eclaire-nos-trames.fr\/index.php?rest_route=\/wp\/v2\/pages\/152","targetHints":{"allow":["GET"]}}],"collection":[{"href":"https:\/\/eclaire-nos-trames.fr\/index.php?rest_route=\/wp\/v2\/pages"}],"about":[{"href":"https:\/\/eclaire-nos-trames.fr\/index.php?rest_route=\/wp\/v2\/types\/page"}],"author":[{"embeddable":true,"href":"https:\/\/eclaire-nos-trames.fr\/index.php?rest_route=\/wp\/v2\/users\/1"}],"replies":[{"embeddable":true,"href":"https:\/\/eclaire-nos-trames.fr\/index.php?rest_route=%2Fwp%2Fv2%2Fcomments&post=152"}],"version-history":[{"count":49,"href":"https:\/\/eclaire-nos-trames.fr\/index.php?rest_route=\/wp\/v2\/pages\/152\/revisions"}],"predecessor-version":[{"id":808,"href":"https:\/\/eclaire-nos-trames.fr\/index.php?rest_route=\/wp\/v2\/pages\/152\/revisions\/808"}],"wp:attachment":[{"href":"https:\/\/eclaire-nos-trames.fr\/index.php?rest_route=%2Fwp%2Fv2%2Fmedia&parent=152"}],"curies":[{"name":"wp","href":"https:\/\/api.w.org\/{rel}","templated":true}]}}